{"id":12074,"date":"2017-12-18T16:32:12","date_gmt":"2017-12-18T15:32:12","guid":{"rendered":"https:\/\/mirmit.com\/?page_id=12074"},"modified":"2018-06-13T11:13:51","modified_gmt":"2018-06-13T10:13:51","slug":"porque-mirmit","status":"publish","type":"page","link":"https:\/\/mirmit.com\/es\/porque-mirmit\/","title":{"rendered":"PORQUE MIRMIT"},"content":{"rendered":"<section class=\"wpb-content-wrapper\"><p>[vc_row css_animation=\u00bbfadeIn\u00bb][vc_column css_animation=\u00bbfadeInUp\u00bb][vc_empty_space height=\u00bb60px\u00bb][vc_single_image image=\u00bb11019&#8243; img_size=\u00bbfull\u00bb alignment=\u00bbcenter\u00bb][\/vc_column][\/vc_row][vc_row gap=\u00bb35&#8243; css_animation=\u00bbfadeIn\u00bb css=\u00bb.vc_custom_1515671500202{margin-bottom: 60px !important;}\u00bb][vc_column css_animation=\u00bbfadeInLeft\u00bb width=\u00bb1\/2&#8243;]<div id=\"ultimate-heading-71066a06d7ea896eb\" class=\"uvc-heading ult-adjust-bottom-margin ultimate-heading-71066a06d7ea896eb uvc-1865 \" data-hspacer=\"no_spacer\"  data-halign=\"left\" style=\"text-align:left\"><div class=\"uvc-heading-spacer no_spacer\" style=\"top\"><\/div><div class=\"uvc-sub-heading ult-responsive\"  data-ultimate-target='.uvc-heading.ultimate-heading-71066a06d7ea896eb .uvc-sub-heading '  data-responsive-json-new='{\"font-size\":\"desktop:20px;\",\"line-height\":\"desktop:32px;tablet:32px;tablet_portrait:32px;mobile_landscape:29px;mobile:29px;\"}'  style=\"font-weight:normal;color:#545454;\"><\/p>\n<p style=\"letter-spacing: 1px; text-align: justify;\"><b>Mirmit<\/b> tiene su origen en Myrmex, que en griego significa hormiga y en IT que es el t\u00e9rmino que se utiliza para las tecnolog\u00edas de la informaci\u00f3n.<\/p>\n<p style=\"letter-spacing: 1px; text-align: justify;\">Las hormigas parecen d\u00e9biles, pero son fuertes, son peque\u00f1as pero logran grandes objetivos.<\/p>\n<p style=\"letter-spacing: 1px; text-align: justify;\">Si nos fijamos en la manera de trabajar de las hormigas, veremos que lo hacen de manera coordinada y en equipos perfectos, no necesitan un supervisor que est\u00e9 constantemente persigui\u00e9ndolas puesto que cada una sabe cu\u00e1l es su funci\u00f3n y la hacen.<\/p>\n<p><\/div><\/div>[\/vc_column][vc_column css_animation=\u00bbfadeInRight\u00bb width=\u00bb1\/2&#8243;]<div id=\"ultimate-heading-36766a06d7ea89724\" class=\"uvc-heading ult-adjust-bottom-margin ultimate-heading-36766a06d7ea89724 uvc-6106 \" data-hspacer=\"no_spacer\"  data-halign=\"left\" style=\"text-align:left\"><div class=\"uvc-heading-spacer no_spacer\" style=\"top\"><\/div><div class=\"uvc-sub-heading ult-responsive\"  data-ultimate-target='.uvc-heading.ultimate-heading-36766a06d7ea89724 .uvc-sub-heading '  data-responsive-json-new='{\"font-size\":\"desktop:20px;\",\"line-height\":\"desktop:32px;tablet:32px;tablet_portrait:32px;mobile_landscape:29px;mobile:29px;\"}'  style=\"font-weight:normal;color:#545454;\"><\/p>\n<p style=\"letter-spacing: 1px; text-align: justify;\">Tienen claro cu\u00e1l es su lugar a la organizaci\u00f3n, saben que el trabajo que hacen vale la pena y que su esfuerzo es en beneficio de todos.<\/p>\n<p style=\"letter-spacing: 1px; text-align: justify;\">Saben organizar sus recursos y no buscan culpables. Si el hormiguero se destruye por alg\u00fan motivo, inmediatamente se ponen a reconstruirlo.<\/p>\n<p style=\"letter-spacing: 1px; text-align: justify;\">Con esfuerzo y constancia, estos peque\u00f1os insectos consiguen grandes metas. <strong>\u00bfPor qu\u00e9 no lo puede hacer tu empresa?<\/strong><\/p>\n<p><\/div><\/div>[\/vc_column][\/vc_row][vc_row css_animation=\u00bbfadeIn\u00bb bg_type=\u00bbimage\u00bb parallax_style=\u00bbvcpb-vz-jquery\u00bb bg_image_new=\u00bbid^11725|url^https:\/\/mirmit.com\/wp-content\/uploads\/2018\/01\/BannerMini01.jpg|caption^null|alt^null|title^BannerMini01|description^null\u00bb bg_image_repeat=\u00bbno-repeat\u00bb bg_override=\u00bbfull\u00bb disable_on_mobile_img_parallax=\u00bbdisable_on_mobile_img_parallax_value\u00bb enable_overlay=\u00bbenable_overlay_value\u00bb overlay_color=\u00bbrgba(255,255,255,0.7)\u00bb css=\u00bb.vc_custom_1515543386149{padding-top: 50px !important;padding-bottom: 35px !important;}\u00bb][vc_column css_animation=\u00bbfadeInRight\u00bb width=\u00bb1\/2&#8243;]<div id=\"ultimate-heading-66016a06d7ea89756\" class=\"uvc-heading ult-adjust-bottom-margin ultimate-heading-66016a06d7ea89756 uvc-5415 \" data-hspacer=\"no_spacer\"  data-halign=\"left\" style=\"text-align:left\"><div class=\"uvc-heading-spacer no_spacer\" style=\"top\"><\/div><div class=\"uvc-main-heading ult-responsive\"  data-ultimate-target='.uvc-heading.ultimate-heading-66016a06d7ea89756 h2'  data-responsive-json-new='{\"font-size\":\"desktop:45px;\",\"line-height\":\"desktop:50px;\"}' ><h2 style=\"font-weight:bold;color:#000000;\">MIRMIT<\/h2><\/div><div class=\"uvc-sub-heading ult-responsive\"  data-ultimate-target='.uvc-heading.ultimate-heading-66016a06d7ea89756 .uvc-sub-heading '  data-responsive-json-new='{\"font-size\":\"desktop:17px;\",\"line-height\":\"desktop:28px;tablet:28px;tablet_portrait:28px;mobile_landscape:27px;mobile:27px;\"}'  style=\"font-weight:normal;color:#545454;\"><\/p>\n<p style=\"letter-spacing: 1px; text-align: justify;\">Colaboramos con su empresa para detectar oportunidades de mejora y soluciones a problemas. Nuestra especialidad es la gesti\u00f3n y estamos enfocados a peque\u00f1as y medianas empresas industriales.<\/p>\n<p><\/div><\/div><div class=\" ubtn-ctn-left \"><a class=\"ubtn-link ult-adjust-bottom-margin ubtn-left ubtn-small \" href=\"https:\/\/mirmit.com\/es\/contacto\/\" ><button type=\"button\" id=\"ubtn-8637\"  class=\"ubtn ult-adjust-bottom-margin ult-responsive ubtn-small ubtn-center-dg-bg  none  ubtn-left   tooltip-6a06d7ea89781\"  data-hover=\"\" data-border-color=\"rgba(0,0,0,0.5)\" data-bg=\"\" data-hover-bg=\"__USE_THEME_MAIN_COLOR__\" data-border-hover=\"__USE_THEME_MAIN_COLOR__\" data-shadow-hover=\"\" data-shadow-click=\"none\" data-shadow=\"\" data-shd-shadow=\"\"  data-ultimate-target='#ubtn-8637'  data-responsive-json-new='{\"font-size\":\"desktop:14px;\",\"line-height\":\"\"}'  style=\"font-family:&#039;Raleway&#039;;font-weight:800;border-radius:3px;border-width:2px;border-color:rgba(0,0,0,0.5);border-style:solid;color: rgba(0,0,0,0.75);\"><span class=\"ubtn-hover\" style=\"background-color:__USE_THEME_MAIN_COLOR__\"><\/span><span class=\"ubtn-data ubtn-text \" >CONTACTAR<\/span><\/button><\/a><\/div>[\/vc_column][vc_column css_animation=\u00bbfadeInRight\u00bb width=\u00bb1\/2&#8243;][\/vc_column][\/vc_row]<\/p>\n<\/section>","protected":false},"excerpt":{"rendered":"<p>[vc_row css_animation=\u00bbfadeIn\u00bb][vc_column css_animation=\u00bbfadeInUp\u00bb][vc_empty_space height=\u00bb60px\u00bb][vc_single_image image=\u00bb11019&#8243; img_size=\u00bbfull\u00bb alignment=\u00bbcenter\u00bb][\/vc_column][\/vc_row][vc_row gap=\u00bb35&#8243; css_animation=\u00bbfadeIn\u00bb css=\u00bb.vc_custom_1515671500202{margin-bottom: 60px !important;}\u00bb][vc_column css_animation=\u00bbfadeInLeft\u00bb width=\u00bb1\/2&#8243;][\/vc_column][vc_column css_animation=\u00bbfadeInRight\u00bb width=\u00bb1\/2&#8243;][\/vc_column][\/vc_row][vc_row css_animation=\u00bbfadeIn\u00bb bg_type=\u00bbimage\u00bb parallax_style=\u00bbvcpb-vz-jquery\u00bb bg_image_new=\u00bbid^11725|url^https:\/\/mirmit.com\/wp-content\/uploads\/2018\/01\/BannerMini01.jpg|caption^null|alt^null|title^BannerMini01|description^null\u00bb bg_image_repeat=\u00bbno-repeat\u00bb bg_override=\u00bbfull\u00bb disable_on_mobile_img_parallax=\u00bbdisable_on_mobile_img_parallax_value\u00bb enable_overlay=\u00bbenable_overlay_value\u00bb overlay_color=\u00bbrgba(255,255,255,0.7)\u00bb css=\u00bb.vc_custom_1515543386149{padding-top: 50px !important;padding-bottom: 35px !important;}\u00bb][vc_column css_animation=\u00bbfadeInRight\u00bb width=\u00bb1\/2&#8243;][\/vc_column][vc_column css_animation=\u00bbfadeInRight\u00bb width=\u00bb1\/2&#8243;][\/vc_column][\/vc_row]<\/p>\n","protected":false},"author":5,"featured_media":0,"parent":0,"menu_order":0,"comment_status":"closed","ping_status":"closed","template":"page.php","meta":{"footnotes":""},"class_list":["post-12074","page","type-page","status-publish","hentry"],"yoast_head":"<!-- This site is optimized with the Yoast SEO plugin v27.6 - https:\/\/yoast.com\/product\/yoast-seo-wordpress\/ -->\n<title>PERQUE MIRMIT: Mirmit - Consultoria de Gesti\u00f3<\/title>\n<meta name=\"description\" content=\"An\u00e0lisi de dades, Business Intelligence, Consultoria, PowerBI, Indicador, Datos,\" \/>\n<meta name=\"robots\" content=\"index, follow, max-snippet:-1, max-image-preview:large, max-video-preview:-1\" \/>\n<link rel=\"canonical\" href=\"https:\/\/mirmit.com\/es\/porque-mirmit\/\" \/>\n<meta property=\"og:locale\" content=\"es_ES\" \/>\n<meta property=\"og:type\" content=\"article\" \/>\n<meta property=\"og:title\" content=\"PERQUE MIRMIT: Mirmit - Consultoria de Gesti\u00f3\" \/>\n<meta property=\"og:description\" content=\"An\u00e0lisi de dades, Business Intelligence, Consultoria, PowerBI, Indicador, Datos,\" \/>\n<meta property=\"og:url\" content=\"https:\/\/mirmit.com\/es\/porque-mirmit\/\" \/>\n<meta property=\"og:site_name\" content=\"Mirmit\" \/>\n<meta property=\"article:modified_time\" content=\"2018-06-13T10:13:51+00:00\" \/>\n<meta name=\"twitter:card\" content=\"summary_large_image\" \/>\n<meta name=\"twitter:label1\" content=\"Tiempo de lectura\" \/>\n\t<meta name=\"twitter:data1\" content=\"3 minutos\" \/>\n<script type=\"application\/ld+json\" class=\"yoast-schema-graph\">{\"@context\":\"https:\\\/\\\/schema.org\",\"@graph\":[{\"@type\":\"WebPage\",\"@id\":\"https:\\\/\\\/mirmit.com\\\/es\\\/porque-mirmit\\\/\",\"url\":\"https:\\\/\\\/mirmit.com\\\/es\\\/porque-mirmit\\\/\",\"name\":\"PERQUE MIRMIT: Mirmit - Consultoria de Gesti\u00f3\",\"isPartOf\":{\"@id\":\"https:\\\/\\\/mirmit.com\\\/#website\"},\"datePublished\":\"2017-12-18T15:32:12+00:00\",\"dateModified\":\"2018-06-13T10:13:51+00:00\",\"description\":\"An\u00e0lisi de dades, Business Intelligence, Consultoria, PowerBI, Indicador, Datos,\",\"breadcrumb\":{\"@id\":\"https:\\\/\\\/mirmit.com\\\/es\\\/porque-mirmit\\\/#breadcrumb\"},\"inLanguage\":\"es\",\"potentialAction\":[{\"@type\":\"ReadAction\",\"target\":[\"https:\\\/\\\/mirmit.com\\\/es\\\/porque-mirmit\\\/\"]}]},{\"@type\":\"BreadcrumbList\",\"@id\":\"https:\\\/\\\/mirmit.com\\\/es\\\/porque-mirmit\\\/#breadcrumb\",\"itemListElement\":[{\"@type\":\"ListItem\",\"position\":1,\"name\":\"Inici\",\"item\":\"https:\\\/\\\/mirmit.com\\\/es\\\/\"},{\"@type\":\"ListItem\",\"position\":2,\"name\":\"PORQUE MIRMIT\"}]},{\"@type\":\"WebSite\",\"@id\":\"https:\\\/\\\/mirmit.com\\\/#website\",\"url\":\"https:\\\/\\\/mirmit.com\\\/\",\"name\":\"Mirmit\",\"description\":\"Consultoria de Gesti\u00f3\",\"potentialAction\":[{\"@type\":\"SearchAction\",\"target\":{\"@type\":\"EntryPoint\",\"urlTemplate\":\"https:\\\/\\\/mirmit.com\\\/?s={search_term_string}\"},\"query-input\":{\"@type\":\"PropertyValueSpecification\",\"valueRequired\":true,\"valueName\":\"search_term_string\"}}],\"inLanguage\":\"es\"}]}<\/script>\n<!-- \/ Yoast SEO plugin. -->","yoast_head_json":{"title":"PERQUE MIRMIT: Mirmit - Consultoria de Gesti\u00f3","description":"An\u00e0lisi de dades, Business Intelligence, Consultoria, PowerBI, Indicador, Datos,","robots":{"index":"index","follow":"follow","max-snippet":"max-snippet:-1","max-image-preview":"max-image-preview:large","max-video-preview":"max-video-preview:-1"},"canonical":"https:\/\/mirmit.com\/es\/porque-mirmit\/","og_locale":"es_ES","og_type":"article","og_title":"PERQUE MIRMIT: Mirmit - Consultoria de Gesti\u00f3","og_description":"An\u00e0lisi de dades, Business Intelligence, Consultoria, PowerBI, Indicador, Datos,","og_url":"https:\/\/mirmit.com\/es\/porque-mirmit\/","og_site_name":"Mirmit","article_modified_time":"2018-06-13T10:13:51+00:00","twitter_card":"summary_large_image","twitter_misc":{"Tiempo de lectura":"3 minutos"},"schema":{"@context":"https:\/\/schema.org","@graph":[{"@type":"WebPage","@id":"https:\/\/mirmit.com\/es\/porque-mirmit\/","url":"https:\/\/mirmit.com\/es\/porque-mirmit\/","name":"PERQUE MIRMIT: Mirmit - Consultoria de Gesti\u00f3","isPartOf":{"@id":"https:\/\/mirmit.com\/#website"},"datePublished":"2017-12-18T15:32:12+00:00","dateModified":"2018-06-13T10:13:51+00:00","description":"An\u00e0lisi de dades, Business Intelligence, Consultoria, PowerBI, Indicador, Datos,","breadcrumb":{"@id":"https:\/\/mirmit.com\/es\/porque-mirmit\/#breadcrumb"},"inLanguage":"es","potentialAction":[{"@type":"ReadAction","target":["https:\/\/mirmit.com\/es\/porque-mirmit\/"]}]},{"@type":"BreadcrumbList","@id":"https:\/\/mirmit.com\/es\/porque-mirmit\/#breadcrumb","itemListElement":[{"@type":"ListItem","position":1,"name":"Inici","item":"https:\/\/mirmit.com\/es\/"},{"@type":"ListItem","position":2,"name":"PORQUE MIRMIT"}]},{"@type":"WebSite","@id":"https:\/\/mirmit.com\/#website","url":"https:\/\/mirmit.com\/","name":"Mirmit","description":"Consultoria de Gesti\u00f3","potentialAction":[{"@type":"SearchAction","target":{"@type":"EntryPoint","urlTemplate":"https:\/\/mirmit.com\/?s={search_term_string}"},"query-input":{"@type":"PropertyValueSpecification","valueRequired":true,"valueName":"search_term_string"}}],"inLanguage":"es"}]}},"_links":{"self":[{"href":"https:\/\/mirmit.com\/es\/wp-json\/wp\/v2\/pages\/12074","targetHints":{"allow":["GET"]}}],"collection":[{"href":"https:\/\/mirmit.com\/es\/wp-json\/wp\/v2\/pages"}],"about":[{"href":"https:\/\/mirmit.com\/es\/wp-json\/wp\/v2\/types\/page"}],"author":[{"embeddable":true,"href":"https:\/\/mirmit.com\/es\/wp-json\/wp\/v2\/users\/5"}],"replies":[{"embeddable":true,"href":"https:\/\/mirmit.com\/es\/wp-json\/wp\/v2\/comments?post=12074"}],"version-history":[{"count":0,"href":"https:\/\/mirmit.com\/es\/wp-json\/wp\/v2\/pages\/12074\/revisions"}],"wp:attachment":[{"href":"https:\/\/mirmit.com\/es\/wp-json\/wp\/v2\/media?parent=12074"}],"curies":[{"name":"wp","href":"https:\/\/api.w.org\/{rel}","templated":true}]}}